{"id":98,"date":"2025-11-04T16:08:23","date_gmt":"2025-11-04T16:08:23","guid":{"rendered":"https:\/\/maxfernandez.santcugatesn.com\/?post_type=product&#038;p=98"},"modified":"2025-11-04T19:16:04","modified_gmt":"2025-11-04T19:16:04","slug":"puma-flash","status":"publish","type":"product","link":"https:\/\/maxfernandez.santcugatesn.com\/index.php\/producto\/puma-flash\/","title":{"rendered":"PUMA Flash"},"content":{"rendered":"<p>Prep\u00e1rate para el partido con las PUMA Nova Flash. Construidas con un material sint\u00e9tico ligero pero incre\u00edblemente duradero, estas botas est\u00e1n hechas para aguantar el ritmo de la temporada. La parte superior en azul el\u00e9ctrico se combina con detalles en amarillo ne\u00f3n, asegurando que destaques en cada jugada.<\/p>\n<p>El interior est\u00e1 dise\u00f1ado para ofrecer una comodidad b\u00e1sica pero efectiva, mientras que el sistema de cordones tradicional te da el ajuste seguro que necesitas para moverte con confianza. La suela vers\u00e1til (FG\/AG) est\u00e1 equipada con tacos c\u00f3nicos que proporcionan una tracci\u00f3n fiable y una gran maniobrabilidad tanto en c\u00e9sped natural firme como en c\u00e9sped artificial.<\/p>\n<p><b>Caracter\u00edsticas Clave:<\/b><\/p>\n<ul>\n<li><b>Alta Durabilidad:<\/b> Exterior sint\u00e9tico resistente al desgaste, ideal para un uso frecuente en entrenamientos y partidos.<\/li>\n<li><b>Ajuste Cl\u00e1sico:<\/b> Sistema de cordones central para una sujeci\u00f3n firme y un ajuste personalizable.<\/li>\n<li><b>Tracci\u00f3n Vers\u00e1til (FG\/AG):<\/b> Suela ligera con una configuraci\u00f3n de tacos dise\u00f1ada para un agarre \u00f3ptimo en m\u00faltiples superficies.<\/li>\n<li><b>Dise\u00f1o Vibrante:<\/b> Combinaci\u00f3n de colores azul y amarillo de alta visibilidad para que no pases desapercibido.<\/li>\n<li><b>Comodidad Esencial:<\/b> Una bota ligera que te permite jugar sin sentir peso extra en los pies.<\/li>\n<li><b>Excelente Relaci\u00f3n Calidad-Precio:<\/b> Todo el rendimiento que esperas de PUMA a un precio accesible.<\/li>\n<\/ul>\n","protected":false},"excerpt":{"rendered":"<p>Prep\u00e1rate para el partido con las PUMA Nova Flash. Construidas con un material sint\u00e9tico ligero pero incre\u00edblemente duradero, estas botas est\u00e1n hechas para aguantar el ritmo de la temporada. La parte superior en azul el\u00e9ctrico se combina con detalles en amarillo ne\u00f3n, asegurando que destaques en cada jugada. El interior est\u00e1 dise\u00f1ado para ofrecer una [&hellip;]<\/p>\n","protected":false},"featured_media":99,"comment_status":"open","ping_status":"closed","template":"","meta":[],"product_brand":[21],"product_cat":[15,24],"product_tag":[],"class_list":{"0":"post-98","1":"product","2":"type-product","3":"status-publish","4":"has-post-thumbnail","6":"product_brand-pum","7":"product_cat-sin-categorizar","8":"product_cat-gm","9":"pa_talla-26","10":"pa_talla-27","11":"pa_talla-28","12":"pa_talla-29","13":"pa_talla-30","14":"pa_talla-31","16":"first","17":"instock","18":"shipping-taxable","19":"purchasable","20":"product-type-variable"},"yoast_head":"<!-- This site is optimized with the Yoast SEO plugin v26.2 - https:\/\/yoast.com\/wordpress\/plugins\/seo\/ -->\n<title>PUMA Flash - sportstor<\/title>\n<meta name=\"robots\" content=\"index, follow, max-snippet:-1, max-image-preview:large, max-video-preview:-1\" \/>\n<link rel=\"canonical\" href=\"https:\/\/maxfernandez.santcugatesn.com\/index.php\/producto\/puma-flash\/\" \/>\n<meta property=\"og:locale\" content=\"es_ES\" \/>\n<meta property=\"og:type\" content=\"article\" \/>\n<meta property=\"og:title\" content=\"PUMA Flash - sportstor\" \/>\n<meta property=\"og:description\" content=\"Prep\u00e1rate para el partido con las PUMA Nova Flash. Construidas con un material sint\u00e9tico ligero pero incre\u00edblemente duradero, estas botas est\u00e1n hechas para aguantar el ritmo de la temporada. La parte superior en azul el\u00e9ctrico se combina con detalles en amarillo ne\u00f3n, asegurando que destaques en cada jugada. El interior est\u00e1 dise\u00f1ado para ofrecer una [&hellip;]\" \/>\n<meta property=\"og:url\" content=\"https:\/\/maxfernandez.santcugatesn.com\/index.php\/producto\/puma-flash\/\" \/>\n<meta property=\"og:site_name\" content=\"sportstor\" \/>\n<meta property=\"article:modified_time\" content=\"2025-11-04T19:16:04+00:00\" \/>\n<meta property=\"og:image\" content=\"https:\/\/maxfernandez.santcugatesn.com\/wp-content\/uploads\/2025\/11\/Captura-de-pantalla-2025-11-04-164748.png\" \/>\n\t<meta property=\"og:image:width\" content=\"639\" \/>\n\t<meta property=\"og:image:height\" content=\"541\" \/>\n\t<meta property=\"og:image:type\" content=\"image\/png\" \/>\n<meta name=\"twitter:card\" content=\"summary_large_image\" \/>\n<meta name=\"twitter:label1\" content=\"Tiempo de lectura\" \/>\n\t<meta name=\"twitter:data1\" content=\"2 minutos\" \/>\n<script type=\"application\/ld+json\" class=\"yoast-schema-graph\">{\"@context\":\"https:\/\/schema.org\",\"@graph\":[{\"@type\":\"WebPage\",\"@id\":\"https:\/\/maxfernandez.santcugatesn.com\/index.php\/producto\/puma-flash\/\",\"url\":\"https:\/\/maxfernandez.santcugatesn.com\/index.php\/producto\/puma-flash\/\",\"name\":\"PUMA Flash - sportstor\",\"isPartOf\":{\"@id\":\"https:\/\/maxfernandez.santcugatesn.com\/#website\"},\"primaryImageOfPage\":{\"@id\":\"https:\/\/maxfernandez.santcugatesn.com\/index.php\/producto\/puma-flash\/#primaryimage\"},\"image\":{\"@id\":\"https:\/\/maxfernandez.santcugatesn.com\/index.php\/producto\/puma-flash\/#primaryimage\"},\"thumbnailUrl\":\"https:\/\/maxfernandez.santcugatesn.com\/wp-content\/uploads\/2025\/11\/Captura-de-pantalla-2025-11-04-164748.png\",\"datePublished\":\"2025-11-04T16:08:23+00:00\",\"dateModified\":\"2025-11-04T19:16:04+00:00\",\"breadcrumb\":{\"@id\":\"https:\/\/maxfernandez.santcugatesn.com\/index.php\/producto\/puma-flash\/#breadcrumb\"},\"inLanguage\":\"es\",\"potentialAction\":[{\"@type\":\"ReadAction\",\"target\":[\"https:\/\/maxfernandez.santcugatesn.com\/index.php\/producto\/puma-flash\/\"]}]},{\"@type\":\"ImageObject\",\"inLanguage\":\"es\",\"@id\":\"https:\/\/maxfernandez.santcugatesn.com\/index.php\/producto\/puma-flash\/#primaryimage\",\"url\":\"https:\/\/maxfernandez.santcugatesn.com\/wp-content\/uploads\/2025\/11\/Captura-de-pantalla-2025-11-04-164748.png\",\"contentUrl\":\"https:\/\/maxfernandez.santcugatesn.com\/wp-content\/uploads\/2025\/11\/Captura-de-pantalla-2025-11-04-164748.png\",\"width\":639,\"height\":541},{\"@type\":\"BreadcrumbList\",\"@id\":\"https:\/\/maxfernandez.santcugatesn.com\/index.php\/producto\/puma-flash\/#breadcrumb\",\"itemListElement\":[{\"@type\":\"ListItem\",\"position\":1,\"name\":\"Portada\",\"item\":\"https:\/\/maxfernandez.santcugatesn.com\/\"},{\"@type\":\"ListItem\",\"position\":2,\"name\":\"Tienda\",\"item\":\"https:\/\/maxfernandez.santcugatesn.com\/index.php\/tienda\/\"},{\"@type\":\"ListItem\",\"position\":3,\"name\":\"PUMA Flash\"}]},{\"@type\":\"WebSite\",\"@id\":\"https:\/\/maxfernandez.santcugatesn.com\/#website\",\"url\":\"https:\/\/maxfernandez.santcugatesn.com\/\",\"name\":\"sportstor\",\"description\":\"\",\"potentialAction\":[{\"@type\":\"SearchAction\",\"target\":{\"@type\":\"EntryPoint\",\"urlTemplate\":\"https:\/\/maxfernandez.santcugatesn.com\/?s={search_term_string}\"},\"query-input\":{\"@type\":\"PropertyValueSpecification\",\"valueRequired\":true,\"valueName\":\"search_term_string\"}}],\"inLanguage\":\"es\"}]}<\/script>\n<!-- \/ Yoast SEO plugin. -->","yoast_head_json":{"title":"PUMA Flash - sportstor","robots":{"index":"index","follow":"follow","max-snippet":"max-snippet:-1","max-image-preview":"max-image-preview:large","max-video-preview":"max-video-preview:-1"},"canonical":"https:\/\/maxfernandez.santcugatesn.com\/index.php\/producto\/puma-flash\/","og_locale":"es_ES","og_type":"article","og_title":"PUMA Flash - sportstor","og_description":"Prep\u00e1rate para el partido con las PUMA Nova Flash. Construidas con un material sint\u00e9tico ligero pero incre\u00edblemente duradero, estas botas est\u00e1n hechas para aguantar el ritmo de la temporada. La parte superior en azul el\u00e9ctrico se combina con detalles en amarillo ne\u00f3n, asegurando que destaques en cada jugada. El interior est\u00e1 dise\u00f1ado para ofrecer una [&hellip;]","og_url":"https:\/\/maxfernandez.santcugatesn.com\/index.php\/producto\/puma-flash\/","og_site_name":"sportstor","article_modified_time":"2025-11-04T19:16:04+00:00","og_image":[{"width":639,"height":541,"url":"https:\/\/maxfernandez.santcugatesn.com\/wp-content\/uploads\/2025\/11\/Captura-de-pantalla-2025-11-04-164748.png","type":"image\/png"}],"twitter_card":"summary_large_image","twitter_misc":{"Tiempo de lectura":"2 minutos"},"schema":{"@context":"https:\/\/schema.org","@graph":[{"@type":"WebPage","@id":"https:\/\/maxfernandez.santcugatesn.com\/index.php\/producto\/puma-flash\/","url":"https:\/\/maxfernandez.santcugatesn.com\/index.php\/producto\/puma-flash\/","name":"PUMA Flash - sportstor","isPartOf":{"@id":"https:\/\/maxfernandez.santcugatesn.com\/#website"},"primaryImageOfPage":{"@id":"https:\/\/maxfernandez.santcugatesn.com\/index.php\/producto\/puma-flash\/#primaryimage"},"image":{"@id":"https:\/\/maxfernandez.santcugatesn.com\/index.php\/producto\/puma-flash\/#primaryimage"},"thumbnailUrl":"https:\/\/maxfernandez.santcugatesn.com\/wp-content\/uploads\/2025\/11\/Captura-de-pantalla-2025-11-04-164748.png","datePublished":"2025-11-04T16:08:23+00:00","dateModified":"2025-11-04T19:16:04+00:00","breadcrumb":{"@id":"https:\/\/maxfernandez.santcugatesn.com\/index.php\/producto\/puma-flash\/#breadcrumb"},"inLanguage":"es","potentialAction":[{"@type":"ReadAction","target":["https:\/\/maxfernandez.santcugatesn.com\/index.php\/producto\/puma-flash\/"]}]},{"@type":"ImageObject","inLanguage":"es","@id":"https:\/\/maxfernandez.santcugatesn.com\/index.php\/producto\/puma-flash\/#primaryimage","url":"https:\/\/maxfernandez.santcugatesn.com\/wp-content\/uploads\/2025\/11\/Captura-de-pantalla-2025-11-04-164748.png","contentUrl":"https:\/\/maxfernandez.santcugatesn.com\/wp-content\/uploads\/2025\/11\/Captura-de-pantalla-2025-11-04-164748.png","width":639,"height":541},{"@type":"BreadcrumbList","@id":"https:\/\/maxfernandez.santcugatesn.com\/index.php\/producto\/puma-flash\/#breadcrumb","itemListElement":[{"@type":"ListItem","position":1,"name":"Portada","item":"https:\/\/maxfernandez.santcugatesn.com\/"},{"@type":"ListItem","position":2,"name":"Tienda","item":"https:\/\/maxfernandez.santcugatesn.com\/index.php\/tienda\/"},{"@type":"ListItem","position":3,"name":"PUMA Flash"}]},{"@type":"WebSite","@id":"https:\/\/maxfernandez.santcugatesn.com\/#website","url":"https:\/\/maxfernandez.santcugatesn.com\/","name":"sportstor","description":"","potentialAction":[{"@type":"SearchAction","target":{"@type":"EntryPoint","urlTemplate":"https:\/\/maxfernandez.santcugatesn.com\/?s={search_term_string}"},"query-input":{"@type":"PropertyValueSpecification","valueRequired":true,"valueName":"search_term_string"}}],"inLanguage":"es"}]}},"wc_booster_product_categories":[{"id":15,"name":"Sin categorizar"},{"id":24,"name":"gama baja"}],"wc_booster_product_price":"<span class=\"woocommerce-Price-amount amount\"><bdi><span class=\"woocommerce-Price-currencySymbol\">&#36;<\/span>100.00<\/bdi><\/span>","wc_booster_product_rating":"","wc_booster_product_banner_img":false,"wc_booster_product_reviews":[],"wc_booster_product_stock_data":{"manage_stock":false,"total_stock":null,"sold_stock":0},"_links":{"self":[{"href":"https:\/\/maxfernandez.santcugatesn.com\/index.php\/wp-json\/wp\/v2\/product\/98","targetHints":{"allow":["GET"]}}],"collection":[{"href":"https:\/\/maxfernandez.santcugatesn.com\/index.php\/wp-json\/wp\/v2\/product"}],"about":[{"href":"https:\/\/maxfernandez.santcugatesn.com\/index.php\/wp-json\/wp\/v2\/types\/product"}],"replies":[{"embeddable":true,"href":"https:\/\/maxfernandez.santcugatesn.com\/index.php\/wp-json\/wp\/v2\/comments?post=98"}],"wp:featuredmedia":[{"embeddable":true,"href":"https:\/\/maxfernandez.santcugatesn.com\/index.php\/wp-json\/wp\/v2\/media\/99"}],"wp:attachment":[{"href":"https:\/\/maxfernandez.santcugatesn.com\/index.php\/wp-json\/wp\/v2\/media?parent=98"}],"wp:term":[{"taxonomy":"product_brand","embeddable":true,"href":"https:\/\/maxfernandez.santcugatesn.com\/index.php\/wp-json\/wp\/v2\/product_brand?post=98"},{"taxonomy":"product_cat","embeddable":true,"href":"https:\/\/maxfernandez.santcugatesn.com\/index.php\/wp-json\/wp\/v2\/product_cat?post=98"},{"taxonomy":"product_tag","embeddable":true,"href":"https:\/\/maxfernandez.santcugatesn.com\/index.php\/wp-json\/wp\/v2\/product_tag?post=98"}],"curies":[{"name":"wp","href":"https:\/\/api.w.org\/{rel}","templated":true}]}}