{"id":91,"date":"2025-11-04T15:41:56","date_gmt":"2025-11-04T15:41:56","guid":{"rendered":"https:\/\/maxfernandez.santcugatesn.com\/?post_type=product&#038;p=91"},"modified":"2025-11-04T19:19:11","modified_gmt":"2025-11-04T19:19:11","slug":"puma-furia","status":"publish","type":"product","link":"https:\/\/maxfernandez.santcugatesn.com\/index.php\/producto\/puma-furia\/","title":{"rendered":"PUMA Furia"},"content":{"rendered":"<p>Con las <b>PUMA Furia <\/b>, cada toque, cada pase y cada disparo se siente cargado de intenci\u00f3n. Su exterior sint\u00e9tico suave y duradero ofrece un ajuste c\u00f3modo y sensible, permiti\u00e9ndote sentir el bal\u00f3n y ejecutar tus movimientos con precisi\u00f3n. El cuello de corte medio brinda un soporte adicional y un ajuste adaptable alrededor del tobillo, garantizando estabilidad sin sacrificar la libertad de movimiento.<\/p>\n<p>La suela vers\u00e1til (FG\/AG) est\u00e1 equipada con una configuraci\u00f3n de tacos c\u00f3nicos y estrat\u00e9gicos que proporcionan una tracci\u00f3n excepcional tanto en c\u00e9sped natural firme como en superficies de c\u00e9sped artificial. Prep\u00e1rate para acelerar, girar y superar a tus rivales con confianza.<\/p>\n<p><b>Caracter\u00edsticas Clave:<\/b><\/p>\n<ul>\n<li><b>Rendimiento Equilibrado:<\/b> Ideal para jugadores que buscan una bota fiable que combine comodidad y funcionalidad.<\/li>\n<li><b>Toque Consistente:<\/b> Material sint\u00e9tico que ofrece durabilidad y un tacto \u00f3ptimo para el control del bal\u00f3n.<\/li>\n<li><b>Soporte Adaptable:<\/b> Cuello de corte medio que se ajusta c\u00f3modamente al tobillo para mayor estabilidad.<\/li>\n<li><b>Tracci\u00f3n Vers\u00e1til:<\/b> Suela FG\/AG optimizada para un agarre excelente en campos de c\u00e9sped natural firme y artificial.<\/li>\n<li><b>Dise\u00f1o Cl\u00e1sico y Audaz:<\/b> Combinaci\u00f3n de rojo vibrante y blanco puro que destaca en el campo.<\/li>\n<li><b>Cierre Seguro:<\/b> Sistema de cordones tradicional para un ajuste personalizado y m\u00e1xima seguridad.<\/li>\n<\/ul>\n","protected":false},"excerpt":{"rendered":"<p>Con las PUMA Furia , cada toque, cada pase y cada disparo se siente cargado de intenci\u00f3n. Su exterior sint\u00e9tico suave y duradero ofrece un ajuste c\u00f3modo y sensible, permiti\u00e9ndote sentir el bal\u00f3n y ejecutar tus movimientos con precisi\u00f3n. El cuello de corte medio brinda un soporte adicional y un ajuste adaptable alrededor del tobillo, [&hellip;]<\/p>\n","protected":false},"featured_media":93,"comment_status":"open","ping_status":"closed","template":"","meta":[],"product_brand":[21],"product_cat":[15,25],"product_tag":[],"class_list":{"0":"post-91","1":"product","2":"type-product","3":"status-publish","4":"has-post-thumbnail","6":"product_brand-pum","7":"product_cat-sin-categorizar","8":"product_cat-md","9":"pa_talla-26","10":"pa_talla-27","11":"pa_talla-28","12":"pa_talla-29","13":"pa_talla-30","14":"pa_talla-31","16":"first","17":"instock","18":"shipping-taxable","19":"purchasable","20":"product-type-variable"},"yoast_head":"<!-- This site is optimized with the Yoast SEO plugin v26.2 - https:\/\/yoast.com\/wordpress\/plugins\/seo\/ -->\n<title>PUMA Furia - sportstor<\/title>\n<meta name=\"robots\" content=\"index, follow, max-snippet:-1, max-image-preview:large, max-video-preview:-1\" \/>\n<link rel=\"canonical\" href=\"https:\/\/maxfernandez.santcugatesn.com\/index.php\/producto\/puma-furia\/\" \/>\n<meta property=\"og:locale\" content=\"es_ES\" \/>\n<meta property=\"og:type\" content=\"article\" \/>\n<meta property=\"og:title\" content=\"PUMA Furia - sportstor\" \/>\n<meta property=\"og:description\" content=\"Con las PUMA Furia , cada toque, cada pase y cada disparo se siente cargado de intenci\u00f3n. Su exterior sint\u00e9tico suave y duradero ofrece un ajuste c\u00f3modo y sensible, permiti\u00e9ndote sentir el bal\u00f3n y ejecutar tus movimientos con precisi\u00f3n. El cuello de corte medio brinda un soporte adicional y un ajuste adaptable alrededor del tobillo, [&hellip;]\" \/>\n<meta property=\"og:url\" content=\"https:\/\/maxfernandez.santcugatesn.com\/index.php\/producto\/puma-furia\/\" \/>\n<meta property=\"og:site_name\" content=\"sportstor\" \/>\n<meta property=\"article:modified_time\" content=\"2025-11-04T19:19:11+00:00\" \/>\n<meta property=\"og:image\" content=\"https:\/\/maxfernandez.santcugatesn.com\/wp-content\/uploads\/2025\/11\/Captura-de-pantalla-2025-11-04-163255.png\" \/>\n\t<meta property=\"og:image:width\" content=\"640\" \/>\n\t<meta property=\"og:image:height\" content=\"590\" \/>\n\t<meta property=\"og:image:type\" content=\"image\/png\" \/>\n<meta name=\"twitter:card\" content=\"summary_large_image\" \/>\n<meta name=\"twitter:label1\" content=\"Tiempo de lectura\" \/>\n\t<meta name=\"twitter:data1\" content=\"2 minutos\" \/>\n<script type=\"application\/ld+json\" class=\"yoast-schema-graph\">{\"@context\":\"https:\/\/schema.org\",\"@graph\":[{\"@type\":\"WebPage\",\"@id\":\"https:\/\/maxfernandez.santcugatesn.com\/index.php\/producto\/puma-furia\/\",\"url\":\"https:\/\/maxfernandez.santcugatesn.com\/index.php\/producto\/puma-furia\/\",\"name\":\"PUMA Furia - sportstor\",\"isPartOf\":{\"@id\":\"https:\/\/maxfernandez.santcugatesn.com\/#website\"},\"primaryImageOfPage\":{\"@id\":\"https:\/\/maxfernandez.santcugatesn.com\/index.php\/producto\/puma-furia\/#primaryimage\"},\"image\":{\"@id\":\"https:\/\/maxfernandez.santcugatesn.com\/index.php\/producto\/puma-furia\/#primaryimage\"},\"thumbnailUrl\":\"https:\/\/maxfernandez.santcugatesn.com\/wp-content\/uploads\/2025\/11\/Captura-de-pantalla-2025-11-04-163255.png\",\"datePublished\":\"2025-11-04T15:41:56+00:00\",\"dateModified\":\"2025-11-04T19:19:11+00:00\",\"breadcrumb\":{\"@id\":\"https:\/\/maxfernandez.santcugatesn.com\/index.php\/producto\/puma-furia\/#breadcrumb\"},\"inLanguage\":\"es\",\"potentialAction\":[{\"@type\":\"ReadAction\",\"target\":[\"https:\/\/maxfernandez.santcugatesn.com\/index.php\/producto\/puma-furia\/\"]}]},{\"@type\":\"ImageObject\",\"inLanguage\":\"es\",\"@id\":\"https:\/\/maxfernandez.santcugatesn.com\/index.php\/producto\/puma-furia\/#primaryimage\",\"url\":\"https:\/\/maxfernandez.santcugatesn.com\/wp-content\/uploads\/2025\/11\/Captura-de-pantalla-2025-11-04-163255.png\",\"contentUrl\":\"https:\/\/maxfernandez.santcugatesn.com\/wp-content\/uploads\/2025\/11\/Captura-de-pantalla-2025-11-04-163255.png\",\"width\":640,\"height\":590},{\"@type\":\"BreadcrumbList\",\"@id\":\"https:\/\/maxfernandez.santcugatesn.com\/index.php\/producto\/puma-furia\/#breadcrumb\",\"itemListElement\":[{\"@type\":\"ListItem\",\"position\":1,\"name\":\"Portada\",\"item\":\"https:\/\/maxfernandez.santcugatesn.com\/\"},{\"@type\":\"ListItem\",\"position\":2,\"name\":\"Tienda\",\"item\":\"https:\/\/maxfernandez.santcugatesn.com\/index.php\/tienda\/\"},{\"@type\":\"ListItem\",\"position\":3,\"name\":\"PUMA Furia\"}]},{\"@type\":\"WebSite\",\"@id\":\"https:\/\/maxfernandez.santcugatesn.com\/#website\",\"url\":\"https:\/\/maxfernandez.santcugatesn.com\/\",\"name\":\"sportstor\",\"description\":\"\",\"potentialAction\":[{\"@type\":\"SearchAction\",\"target\":{\"@type\":\"EntryPoint\",\"urlTemplate\":\"https:\/\/maxfernandez.santcugatesn.com\/?s={search_term_string}\"},\"query-input\":{\"@type\":\"PropertyValueSpecification\",\"valueRequired\":true,\"valueName\":\"search_term_string\"}}],\"inLanguage\":\"es\"}]}<\/script>\n<!-- \/ Yoast SEO plugin. -->","yoast_head_json":{"title":"PUMA Furia - sportstor","robots":{"index":"index","follow":"follow","max-snippet":"max-snippet:-1","max-image-preview":"max-image-preview:large","max-video-preview":"max-video-preview:-1"},"canonical":"https:\/\/maxfernandez.santcugatesn.com\/index.php\/producto\/puma-furia\/","og_locale":"es_ES","og_type":"article","og_title":"PUMA Furia - sportstor","og_description":"Con las PUMA Furia , cada toque, cada pase y cada disparo se siente cargado de intenci\u00f3n. Su exterior sint\u00e9tico suave y duradero ofrece un ajuste c\u00f3modo y sensible, permiti\u00e9ndote sentir el bal\u00f3n y ejecutar tus movimientos con precisi\u00f3n. El cuello de corte medio brinda un soporte adicional y un ajuste adaptable alrededor del tobillo, [&hellip;]","og_url":"https:\/\/maxfernandez.santcugatesn.com\/index.php\/producto\/puma-furia\/","og_site_name":"sportstor","article_modified_time":"2025-11-04T19:19:11+00:00","og_image":[{"width":640,"height":590,"url":"https:\/\/maxfernandez.santcugatesn.com\/wp-content\/uploads\/2025\/11\/Captura-de-pantalla-2025-11-04-163255.png","type":"image\/png"}],"twitter_card":"summary_large_image","twitter_misc":{"Tiempo de lectura":"2 minutos"},"schema":{"@context":"https:\/\/schema.org","@graph":[{"@type":"WebPage","@id":"https:\/\/maxfernandez.santcugatesn.com\/index.php\/producto\/puma-furia\/","url":"https:\/\/maxfernandez.santcugatesn.com\/index.php\/producto\/puma-furia\/","name":"PUMA Furia - sportstor","isPartOf":{"@id":"https:\/\/maxfernandez.santcugatesn.com\/#website"},"primaryImageOfPage":{"@id":"https:\/\/maxfernandez.santcugatesn.com\/index.php\/producto\/puma-furia\/#primaryimage"},"image":{"@id":"https:\/\/maxfernandez.santcugatesn.com\/index.php\/producto\/puma-furia\/#primaryimage"},"thumbnailUrl":"https:\/\/maxfernandez.santcugatesn.com\/wp-content\/uploads\/2025\/11\/Captura-de-pantalla-2025-11-04-163255.png","datePublished":"2025-11-04T15:41:56+00:00","dateModified":"2025-11-04T19:19:11+00:00","breadcrumb":{"@id":"https:\/\/maxfernandez.santcugatesn.com\/index.php\/producto\/puma-furia\/#breadcrumb"},"inLanguage":"es","potentialAction":[{"@type":"ReadAction","target":["https:\/\/maxfernandez.santcugatesn.com\/index.php\/producto\/puma-furia\/"]}]},{"@type":"ImageObject","inLanguage":"es","@id":"https:\/\/maxfernandez.santcugatesn.com\/index.php\/producto\/puma-furia\/#primaryimage","url":"https:\/\/maxfernandez.santcugatesn.com\/wp-content\/uploads\/2025\/11\/Captura-de-pantalla-2025-11-04-163255.png","contentUrl":"https:\/\/maxfernandez.santcugatesn.com\/wp-content\/uploads\/2025\/11\/Captura-de-pantalla-2025-11-04-163255.png","width":640,"height":590},{"@type":"BreadcrumbList","@id":"https:\/\/maxfernandez.santcugatesn.com\/index.php\/producto\/puma-furia\/#breadcrumb","itemListElement":[{"@type":"ListItem","position":1,"name":"Portada","item":"https:\/\/maxfernandez.santcugatesn.com\/"},{"@type":"ListItem","position":2,"name":"Tienda","item":"https:\/\/maxfernandez.santcugatesn.com\/index.php\/tienda\/"},{"@type":"ListItem","position":3,"name":"PUMA Furia"}]},{"@type":"WebSite","@id":"https:\/\/maxfernandez.santcugatesn.com\/#website","url":"https:\/\/maxfernandez.santcugatesn.com\/","name":"sportstor","description":"","potentialAction":[{"@type":"SearchAction","target":{"@type":"EntryPoint","urlTemplate":"https:\/\/maxfernandez.santcugatesn.com\/?s={search_term_string}"},"query-input":{"@type":"PropertyValueSpecification","valueRequired":true,"valueName":"search_term_string"}}],"inLanguage":"es"}]}},"wc_booster_product_categories":[{"id":15,"name":"Sin categorizar"},{"id":25,"name":"gama media"}],"wc_booster_product_price":"<span class=\"woocommerce-Price-amount amount\"><bdi><span class=\"woocommerce-Price-currencySymbol\">&#36;<\/span>150.00<\/bdi><\/span>","wc_booster_product_rating":"","wc_booster_product_banner_img":false,"wc_booster_product_reviews":[],"wc_booster_product_stock_data":{"manage_stock":false,"total_stock":null,"sold_stock":0},"_links":{"self":[{"href":"https:\/\/maxfernandez.santcugatesn.com\/index.php\/wp-json\/wp\/v2\/product\/91","targetHints":{"allow":["GET"]}}],"collection":[{"href":"https:\/\/maxfernandez.santcugatesn.com\/index.php\/wp-json\/wp\/v2\/product"}],"about":[{"href":"https:\/\/maxfernandez.santcugatesn.com\/index.php\/wp-json\/wp\/v2\/types\/product"}],"replies":[{"embeddable":true,"href":"https:\/\/maxfernandez.santcugatesn.com\/index.php\/wp-json\/wp\/v2\/comments?post=91"}],"wp:featuredmedia":[{"embeddable":true,"href":"https:\/\/maxfernandez.santcugatesn.com\/index.php\/wp-json\/wp\/v2\/media\/93"}],"wp:attachment":[{"href":"https:\/\/maxfernandez.santcugatesn.com\/index.php\/wp-json\/wp\/v2\/media?parent=91"}],"wp:term":[{"taxonomy":"product_brand","embeddable":true,"href":"https:\/\/maxfernandez.santcugatesn.com\/index.php\/wp-json\/wp\/v2\/product_brand?post=91"},{"taxonomy":"product_cat","embeddable":true,"href":"https:\/\/maxfernandez.santcugatesn.com\/index.php\/wp-json\/wp\/v2\/product_cat?post=91"},{"taxonomy":"product_tag","embeddable":true,"href":"https:\/\/maxfernandez.santcugatesn.com\/index.php\/wp-json\/wp\/v2\/product_tag?post=91"}],"curies":[{"name":"wp","href":"https:\/\/api.w.org\/{rel}","templated":true}]}}