{"id":86,"date":"2025-11-04T15:27:15","date_gmt":"2025-11-04T15:27:15","guid":{"rendered":"https:\/\/maxfernandez.santcugatesn.com\/?post_type=product&#038;p=86"},"modified":"2025-11-04T19:22:51","modified_gmt":"2025-11-04T19:22:51","slug":"puma-esmeralda","status":"publish","type":"product","link":"https:\/\/maxfernandez.santcugatesn.com\/index.php\/producto\/puma-esmeralda\/","title":{"rendered":"PUMA Esmeralda"},"content":{"rendered":"<p>Domina cada minuto del partido con un ajuste que parece hecho a medida. La parte superior sint\u00e9tica ultraligera se fusiona con un cuello tejido tipo calcet\u00edn que bloquea tu pie con comodidad, permiti\u00e9ndote cambiar de direcci\u00f3n sin dudarlo. Siente el bal\u00f3n como nunca antes y ejecuta pases y disparos con una precisi\u00f3n milim\u00e9trica.<\/p>\n<p>La suela, dise\u00f1ada para una tracci\u00f3n agresiva, te da el agarre necesario para aceleraciones imparables y frenadas en seco, dejando atr\u00e1s a los defensores.<\/p>\n<p><b>Caracter\u00edsticas Clave:<\/b><\/p>\n<ul>\n<li><b>Ajuste Superior:<\/b> Cuello tejido adaptable que envuelve el tobillo para una sujeci\u00f3n firme y c\u00f3moda, como una segunda piel.<\/li>\n<li><b>Toque Preciso:<\/b> Exterior sint\u00e9tico ligero con texturizaci\u00f3n estrat\u00e9gica para un control \u00f3ptimo del bal\u00f3n a altas velocidades.<\/li>\n<li><b>Tracci\u00f3n Explosiva:<\/b> Configuraci\u00f3n de tacos dise\u00f1ada para una aceleraci\u00f3n r\u00e1pida y agarre multidireccional en c\u00e9sped natural firme (FG) y c\u00e9sped artificial (AG).<\/li>\n<li><b>Dise\u00f1o Impactante:<\/b> Est\u00e9tica moderna en negro intenso con el Formstrip de PUMA y detalles en un verde esmeralda el\u00e9ctrico que no pasar\u00e1 desapercibido.<\/li>\n<li><b>Cierre Seguro:<\/b> Sistema de cordones cl\u00e1sico para un bloqueo personalizado y fiable.<\/li>\n<\/ul>\n","protected":false},"excerpt":{"rendered":"<p>Domina cada minuto del partido con un ajuste que parece hecho a medida. La parte superior sint\u00e9tica ultraligera se fusiona con un cuello tejido tipo calcet\u00edn que bloquea tu pie con comodidad, permiti\u00e9ndote cambiar de direcci\u00f3n sin dudarlo. Siente el bal\u00f3n como nunca antes y ejecuta pases y disparos con una precisi\u00f3n milim\u00e9trica. La suela, [&hellip;]<\/p>\n","protected":false},"featured_media":82,"comment_status":"open","ping_status":"closed","template":"","meta":[],"product_brand":[21],"product_cat":[15,23],"product_tag":[],"class_list":{"0":"post-86","1":"product","2":"type-product","3":"status-publish","4":"has-post-thumbnail","6":"product_brand-pum","7":"product_cat-sin-categorizar","8":"product_cat-al","9":"pa_talla-26","10":"pa_talla-27","11":"pa_talla-28","12":"pa_talla-29","13":"pa_talla-30","14":"pa_talla-31","16":"first","17":"instock","18":"shipping-taxable","19":"purchasable","20":"product-type-variable"},"yoast_head":"<!-- This site is optimized with the Yoast SEO plugin v26.2 - https:\/\/yoast.com\/wordpress\/plugins\/seo\/ -->\n<title>PUMA Esmeralda - sportstor<\/title>\n<meta name=\"robots\" content=\"index, follow, max-snippet:-1, max-image-preview:large, max-video-preview:-1\" \/>\n<link rel=\"canonical\" href=\"https:\/\/maxfernandez.santcugatesn.com\/index.php\/producto\/puma-esmeralda\/\" \/>\n<meta property=\"og:locale\" content=\"es_ES\" \/>\n<meta property=\"og:type\" content=\"article\" \/>\n<meta property=\"og:title\" content=\"PUMA Esmeralda - sportstor\" \/>\n<meta property=\"og:description\" content=\"Domina cada minuto del partido con un ajuste que parece hecho a medida. La parte superior sint\u00e9tica ultraligera se fusiona con un cuello tejido tipo calcet\u00edn que bloquea tu pie con comodidad, permiti\u00e9ndote cambiar de direcci\u00f3n sin dudarlo. Siente el bal\u00f3n como nunca antes y ejecuta pases y disparos con una precisi\u00f3n milim\u00e9trica. La suela, [&hellip;]\" \/>\n<meta property=\"og:url\" content=\"https:\/\/maxfernandez.santcugatesn.com\/index.php\/producto\/puma-esmeralda\/\" \/>\n<meta property=\"og:site_name\" content=\"sportstor\" \/>\n<meta property=\"article:modified_time\" content=\"2025-11-04T19:22:51+00:00\" \/>\n<meta property=\"og:image\" content=\"https:\/\/maxfernandez.santcugatesn.com\/wp-content\/uploads\/2025\/11\/unnamed-8-e1762268802702.jpg\" \/>\n\t<meta property=\"og:image:width\" content=\"836\" \/>\n\t<meta property=\"og:image:height\" content=\"916\" \/>\n\t<meta property=\"og:image:type\" content=\"image\/jpeg\" \/>\n<meta name=\"twitter:card\" content=\"summary_large_image\" \/>\n<meta name=\"twitter:label1\" content=\"Tiempo de lectura\" \/>\n\t<meta name=\"twitter:data1\" content=\"1 minuto\" \/>\n<script type=\"application\/ld+json\" class=\"yoast-schema-graph\">{\"@context\":\"https:\/\/schema.org\",\"@graph\":[{\"@type\":\"WebPage\",\"@id\":\"https:\/\/maxfernandez.santcugatesn.com\/index.php\/producto\/puma-esmeralda\/\",\"url\":\"https:\/\/maxfernandez.santcugatesn.com\/index.php\/producto\/puma-esmeralda\/\",\"name\":\"PUMA Esmeralda - sportstor\",\"isPartOf\":{\"@id\":\"https:\/\/maxfernandez.santcugatesn.com\/#website\"},\"primaryImageOfPage\":{\"@id\":\"https:\/\/maxfernandez.santcugatesn.com\/index.php\/producto\/puma-esmeralda\/#primaryimage\"},\"image\":{\"@id\":\"https:\/\/maxfernandez.santcugatesn.com\/index.php\/producto\/puma-esmeralda\/#primaryimage\"},\"thumbnailUrl\":\"https:\/\/maxfernandez.santcugatesn.com\/wp-content\/uploads\/2025\/11\/unnamed-8-e1762268802702.jpg\",\"datePublished\":\"2025-11-04T15:27:15+00:00\",\"dateModified\":\"2025-11-04T19:22:51+00:00\",\"breadcrumb\":{\"@id\":\"https:\/\/maxfernandez.santcugatesn.com\/index.php\/producto\/puma-esmeralda\/#breadcrumb\"},\"inLanguage\":\"es\",\"potentialAction\":[{\"@type\":\"ReadAction\",\"target\":[\"https:\/\/maxfernandez.santcugatesn.com\/index.php\/producto\/puma-esmeralda\/\"]}]},{\"@type\":\"ImageObject\",\"inLanguage\":\"es\",\"@id\":\"https:\/\/maxfernandez.santcugatesn.com\/index.php\/producto\/puma-esmeralda\/#primaryimage\",\"url\":\"https:\/\/maxfernandez.santcugatesn.com\/wp-content\/uploads\/2025\/11\/unnamed-8-e1762268802702.jpg\",\"contentUrl\":\"https:\/\/maxfernandez.santcugatesn.com\/wp-content\/uploads\/2025\/11\/unnamed-8-e1762268802702.jpg\",\"width\":836,\"height\":916},{\"@type\":\"BreadcrumbList\",\"@id\":\"https:\/\/maxfernandez.santcugatesn.com\/index.php\/producto\/puma-esmeralda\/#breadcrumb\",\"itemListElement\":[{\"@type\":\"ListItem\",\"position\":1,\"name\":\"Portada\",\"item\":\"https:\/\/maxfernandez.santcugatesn.com\/\"},{\"@type\":\"ListItem\",\"position\":2,\"name\":\"Tienda\",\"item\":\"https:\/\/maxfernandez.santcugatesn.com\/index.php\/tienda\/\"},{\"@type\":\"ListItem\",\"position\":3,\"name\":\"PUMA Esmeralda\"}]},{\"@type\":\"WebSite\",\"@id\":\"https:\/\/maxfernandez.santcugatesn.com\/#website\",\"url\":\"https:\/\/maxfernandez.santcugatesn.com\/\",\"name\":\"sportstor\",\"description\":\"\",\"potentialAction\":[{\"@type\":\"SearchAction\",\"target\":{\"@type\":\"EntryPoint\",\"urlTemplate\":\"https:\/\/maxfernandez.santcugatesn.com\/?s={search_term_string}\"},\"query-input\":{\"@type\":\"PropertyValueSpecification\",\"valueRequired\":true,\"valueName\":\"search_term_string\"}}],\"inLanguage\":\"es\"}]}<\/script>\n<!-- \/ Yoast SEO plugin. -->","yoast_head_json":{"title":"PUMA Esmeralda - sportstor","robots":{"index":"index","follow":"follow","max-snippet":"max-snippet:-1","max-image-preview":"max-image-preview:large","max-video-preview":"max-video-preview:-1"},"canonical":"https:\/\/maxfernandez.santcugatesn.com\/index.php\/producto\/puma-esmeralda\/","og_locale":"es_ES","og_type":"article","og_title":"PUMA Esmeralda - sportstor","og_description":"Domina cada minuto del partido con un ajuste que parece hecho a medida. La parte superior sint\u00e9tica ultraligera se fusiona con un cuello tejido tipo calcet\u00edn que bloquea tu pie con comodidad, permiti\u00e9ndote cambiar de direcci\u00f3n sin dudarlo. Siente el bal\u00f3n como nunca antes y ejecuta pases y disparos con una precisi\u00f3n milim\u00e9trica. La suela, [&hellip;]","og_url":"https:\/\/maxfernandez.santcugatesn.com\/index.php\/producto\/puma-esmeralda\/","og_site_name":"sportstor","article_modified_time":"2025-11-04T19:22:51+00:00","og_image":[{"width":836,"height":916,"url":"https:\/\/maxfernandez.santcugatesn.com\/wp-content\/uploads\/2025\/11\/unnamed-8-e1762268802702.jpg","type":"image\/jpeg"}],"twitter_card":"summary_large_image","twitter_misc":{"Tiempo de lectura":"1 minuto"},"schema":{"@context":"https:\/\/schema.org","@graph":[{"@type":"WebPage","@id":"https:\/\/maxfernandez.santcugatesn.com\/index.php\/producto\/puma-esmeralda\/","url":"https:\/\/maxfernandez.santcugatesn.com\/index.php\/producto\/puma-esmeralda\/","name":"PUMA Esmeralda - sportstor","isPartOf":{"@id":"https:\/\/maxfernandez.santcugatesn.com\/#website"},"primaryImageOfPage":{"@id":"https:\/\/maxfernandez.santcugatesn.com\/index.php\/producto\/puma-esmeralda\/#primaryimage"},"image":{"@id":"https:\/\/maxfernandez.santcugatesn.com\/index.php\/producto\/puma-esmeralda\/#primaryimage"},"thumbnailUrl":"https:\/\/maxfernandez.santcugatesn.com\/wp-content\/uploads\/2025\/11\/unnamed-8-e1762268802702.jpg","datePublished":"2025-11-04T15:27:15+00:00","dateModified":"2025-11-04T19:22:51+00:00","breadcrumb":{"@id":"https:\/\/maxfernandez.santcugatesn.com\/index.php\/producto\/puma-esmeralda\/#breadcrumb"},"inLanguage":"es","potentialAction":[{"@type":"ReadAction","target":["https:\/\/maxfernandez.santcugatesn.com\/index.php\/producto\/puma-esmeralda\/"]}]},{"@type":"ImageObject","inLanguage":"es","@id":"https:\/\/maxfernandez.santcugatesn.com\/index.php\/producto\/puma-esmeralda\/#primaryimage","url":"https:\/\/maxfernandez.santcugatesn.com\/wp-content\/uploads\/2025\/11\/unnamed-8-e1762268802702.jpg","contentUrl":"https:\/\/maxfernandez.santcugatesn.com\/wp-content\/uploads\/2025\/11\/unnamed-8-e1762268802702.jpg","width":836,"height":916},{"@type":"BreadcrumbList","@id":"https:\/\/maxfernandez.santcugatesn.com\/index.php\/producto\/puma-esmeralda\/#breadcrumb","itemListElement":[{"@type":"ListItem","position":1,"name":"Portada","item":"https:\/\/maxfernandez.santcugatesn.com\/"},{"@type":"ListItem","position":2,"name":"Tienda","item":"https:\/\/maxfernandez.santcugatesn.com\/index.php\/tienda\/"},{"@type":"ListItem","position":3,"name":"PUMA Esmeralda"}]},{"@type":"WebSite","@id":"https:\/\/maxfernandez.santcugatesn.com\/#website","url":"https:\/\/maxfernandez.santcugatesn.com\/","name":"sportstor","description":"","potentialAction":[{"@type":"SearchAction","target":{"@type":"EntryPoint","urlTemplate":"https:\/\/maxfernandez.santcugatesn.com\/?s={search_term_string}"},"query-input":{"@type":"PropertyValueSpecification","valueRequired":true,"valueName":"search_term_string"}}],"inLanguage":"es"}]}},"wc_booster_product_categories":[{"id":15,"name":"Sin categorizar"},{"id":23,"name":"gama alta"}],"wc_booster_product_price":"<span class=\"woocommerce-Price-amount amount\"><bdi><span class=\"woocommerce-Price-currencySymbol\">&#36;<\/span>200.00<\/bdi><\/span>","wc_booster_product_rating":"","wc_booster_product_banner_img":false,"wc_booster_product_reviews":[],"wc_booster_product_stock_data":{"manage_stock":false,"total_stock":null,"sold_stock":0},"_links":{"self":[{"href":"https:\/\/maxfernandez.santcugatesn.com\/index.php\/wp-json\/wp\/v2\/product\/86","targetHints":{"allow":["GET"]}}],"collection":[{"href":"https:\/\/maxfernandez.santcugatesn.com\/index.php\/wp-json\/wp\/v2\/product"}],"about":[{"href":"https:\/\/maxfernandez.santcugatesn.com\/index.php\/wp-json\/wp\/v2\/types\/product"}],"replies":[{"embeddable":true,"href":"https:\/\/maxfernandez.santcugatesn.com\/index.php\/wp-json\/wp\/v2\/comments?post=86"}],"wp:featuredmedia":[{"embeddable":true,"href":"https:\/\/maxfernandez.santcugatesn.com\/index.php\/wp-json\/wp\/v2\/media\/82"}],"wp:attachment":[{"href":"https:\/\/maxfernandez.santcugatesn.com\/index.php\/wp-json\/wp\/v2\/media?parent=86"}],"wp:term":[{"taxonomy":"product_brand","embeddable":true,"href":"https:\/\/maxfernandez.santcugatesn.com\/index.php\/wp-json\/wp\/v2\/product_brand?post=86"},{"taxonomy":"product_cat","embeddable":true,"href":"https:\/\/maxfernandez.santcugatesn.com\/index.php\/wp-json\/wp\/v2\/product_cat?post=86"},{"taxonomy":"product_tag","embeddable":true,"href":"https:\/\/maxfernandez.santcugatesn.com\/index.php\/wp-json\/wp\/v2\/product_tag?post=86"}],"curies":[{"name":"wp","href":"https:\/\/api.w.org\/{rel}","templated":true}]}}