{"id":42,"date":"2025-10-29T09:34:46","date_gmt":"2025-10-29T09:34:46","guid":{"rendered":"https:\/\/maxfernandez.santcugatesn.com\/?post_type=product&#038;p=42"},"modified":"2025-11-04T19:27:35","modified_gmt":"2025-11-04T19:27:35","slug":"adidas-onyx-flare","status":"publish","type":"product","link":"https:\/\/maxfernandez.santcugatesn.com\/index.php\/producto\/adidas-onyx-flare\/","title":{"rendered":"Adidas Onyx Flare"},"content":{"rendered":"<p>Desata una nueva dimensi\u00f3n de velocidad y estilo con las <b>Adidas Onyx Flare<\/b>. Forjadas para el jugador que convierte cada toque en una obra de arte, estas botas son la fusi\u00f3n perfecta de elegancia y potencia. La profunda base en negro \u00f3nix, que evoca fuerza y sofisticaci\u00f3n, se ve interrumpida por un destello (&#8220;flare&#8221;) dorado que simboliza la explosividad y el momento de gloria.<\/p>\n<p>Cada componente est\u00e1 dise\u00f1ado para un rendimiento superior: un ajuste ergon\u00f3mico que te envuelve el pie para un control absoluto, y una suela dise\u00f1ada para una tracci\u00f3n agresiva que te permite cambiar de direcci\u00f3n con una agilidad letal. La tecnolog\u00eda m\u00e1s avanzada de Adidas se encuentra con un dise\u00f1o que no pasa desapercibido, creando una herramienta definitiva para el creador de juego.<\/p>\n<p>Con las <b>Adidas Onyx Flare<\/b>, no solo juegas, iluminas el partido. Deja que tu talento brille con cada movimiento.<\/p>\n","protected":false},"excerpt":{"rendered":"<p>Desata una nueva dimensi\u00f3n de velocidad y estilo con las Adidas Onyx Flare. Forjadas para el jugador que convierte cada toque en una obra de arte, estas botas son la fusi\u00f3n perfecta de elegancia y potencia. La profunda base en negro \u00f3nix, que evoca fuerza y sofisticaci\u00f3n, se ve interrumpida por un destello (&#8220;flare&#8221;) dorado [&hellip;]<\/p>\n","protected":false},"featured_media":18,"comment_status":"open","ping_status":"closed","template":"","meta":[],"product_brand":[20],"product_cat":[15,23],"product_tag":[],"class_list":{"0":"post-42","1":"product","2":"type-product","3":"status-publish","4":"has-post-thumbnail","6":"product_brand-adi","7":"product_cat-sin-categorizar","8":"product_cat-al","9":"pa_talla-26","10":"pa_talla-27","11":"pa_talla-28","12":"pa_talla-29","13":"pa_talla-30","14":"pa_talla-31","16":"first","17":"instock","18":"shipping-taxable","19":"purchasable","20":"product-type-variable"},"yoast_head":"<!-- This site is optimized with the Yoast SEO plugin v26.2 - https:\/\/yoast.com\/wordpress\/plugins\/seo\/ -->\n<title>Adidas Onyx Flare - sportstor<\/title>\n<meta name=\"robots\" content=\"index, follow, max-snippet:-1, max-image-preview:large, max-video-preview:-1\" \/>\n<link rel=\"canonical\" href=\"https:\/\/maxfernandez.santcugatesn.com\/index.php\/producto\/adidas-onyx-flare\/\" \/>\n<meta property=\"og:locale\" content=\"es_ES\" \/>\n<meta property=\"og:type\" content=\"article\" \/>\n<meta property=\"og:title\" content=\"Adidas Onyx Flare - sportstor\" \/>\n<meta property=\"og:description\" content=\"Desata una nueva dimensi\u00f3n de velocidad y estilo con las Adidas Onyx Flare. Forjadas para el jugador que convierte cada toque en una obra de arte, estas botas son la fusi\u00f3n perfecta de elegancia y potencia. La profunda base en negro \u00f3nix, que evoca fuerza y sofisticaci\u00f3n, se ve interrumpida por un destello (&#8220;flare&#8221;) dorado [&hellip;]\" \/>\n<meta property=\"og:url\" content=\"https:\/\/maxfernandez.santcugatesn.com\/index.php\/producto\/adidas-onyx-flare\/\" \/>\n<meta property=\"og:site_name\" content=\"sportstor\" \/>\n<meta property=\"article:modified_time\" content=\"2025-11-04T19:27:35+00:00\" \/>\n<meta property=\"og:image\" content=\"https:\/\/maxfernandez.santcugatesn.com\/wp-content\/uploads\/2025\/10\/unnamed-5-e1761729896495.jpg\" \/>\n\t<meta property=\"og:image:width\" content=\"857\" \/>\n\t<meta property=\"og:image:height\" content=\"942\" \/>\n\t<meta property=\"og:image:type\" content=\"image\/jpeg\" \/>\n<meta name=\"twitter:card\" content=\"summary_large_image\" \/>\n<meta name=\"twitter:label1\" content=\"Tiempo de lectura\" \/>\n\t<meta name=\"twitter:data1\" content=\"1 minuto\" \/>\n<script type=\"application\/ld+json\" class=\"yoast-schema-graph\">{\"@context\":\"https:\/\/schema.org\",\"@graph\":[{\"@type\":\"WebPage\",\"@id\":\"https:\/\/maxfernandez.santcugatesn.com\/index.php\/producto\/adidas-onyx-flare\/\",\"url\":\"https:\/\/maxfernandez.santcugatesn.com\/index.php\/producto\/adidas-onyx-flare\/\",\"name\":\"Adidas Onyx Flare - sportstor\",\"isPartOf\":{\"@id\":\"https:\/\/maxfernandez.santcugatesn.com\/#website\"},\"primaryImageOfPage\":{\"@id\":\"https:\/\/maxfernandez.santcugatesn.com\/index.php\/producto\/adidas-onyx-flare\/#primaryimage\"},\"image\":{\"@id\":\"https:\/\/maxfernandez.santcugatesn.com\/index.php\/producto\/adidas-onyx-flare\/#primaryimage\"},\"thumbnailUrl\":\"https:\/\/maxfernandez.santcugatesn.com\/wp-content\/uploads\/2025\/10\/unnamed-5-e1761729896495.jpg\",\"datePublished\":\"2025-10-29T09:34:46+00:00\",\"dateModified\":\"2025-11-04T19:27:35+00:00\",\"breadcrumb\":{\"@id\":\"https:\/\/maxfernandez.santcugatesn.com\/index.php\/producto\/adidas-onyx-flare\/#breadcrumb\"},\"inLanguage\":\"es\",\"potentialAction\":[{\"@type\":\"ReadAction\",\"target\":[\"https:\/\/maxfernandez.santcugatesn.com\/index.php\/producto\/adidas-onyx-flare\/\"]}]},{\"@type\":\"ImageObject\",\"inLanguage\":\"es\",\"@id\":\"https:\/\/maxfernandez.santcugatesn.com\/index.php\/producto\/adidas-onyx-flare\/#primaryimage\",\"url\":\"https:\/\/maxfernandez.santcugatesn.com\/wp-content\/uploads\/2025\/10\/unnamed-5-e1761729896495.jpg\",\"contentUrl\":\"https:\/\/maxfernandez.santcugatesn.com\/wp-content\/uploads\/2025\/10\/unnamed-5-e1761729896495.jpg\",\"width\":857,\"height\":942},{\"@type\":\"BreadcrumbList\",\"@id\":\"https:\/\/maxfernandez.santcugatesn.com\/index.php\/producto\/adidas-onyx-flare\/#breadcrumb\",\"itemListElement\":[{\"@type\":\"ListItem\",\"position\":1,\"name\":\"Portada\",\"item\":\"https:\/\/maxfernandez.santcugatesn.com\/\"},{\"@type\":\"ListItem\",\"position\":2,\"name\":\"Tienda\",\"item\":\"https:\/\/maxfernandez.santcugatesn.com\/index.php\/tienda\/\"},{\"@type\":\"ListItem\",\"position\":3,\"name\":\"Adidas Onyx Flare\"}]},{\"@type\":\"WebSite\",\"@id\":\"https:\/\/maxfernandez.santcugatesn.com\/#website\",\"url\":\"https:\/\/maxfernandez.santcugatesn.com\/\",\"name\":\"sportstor\",\"description\":\"\",\"potentialAction\":[{\"@type\":\"SearchAction\",\"target\":{\"@type\":\"EntryPoint\",\"urlTemplate\":\"https:\/\/maxfernandez.santcugatesn.com\/?s={search_term_string}\"},\"query-input\":{\"@type\":\"PropertyValueSpecification\",\"valueRequired\":true,\"valueName\":\"search_term_string\"}}],\"inLanguage\":\"es\"}]}<\/script>\n<!-- \/ Yoast SEO plugin. -->","yoast_head_json":{"title":"Adidas Onyx Flare - sportstor","robots":{"index":"index","follow":"follow","max-snippet":"max-snippet:-1","max-image-preview":"max-image-preview:large","max-video-preview":"max-video-preview:-1"},"canonical":"https:\/\/maxfernandez.santcugatesn.com\/index.php\/producto\/adidas-onyx-flare\/","og_locale":"es_ES","og_type":"article","og_title":"Adidas Onyx Flare - sportstor","og_description":"Desata una nueva dimensi\u00f3n de velocidad y estilo con las Adidas Onyx Flare. Forjadas para el jugador que convierte cada toque en una obra de arte, estas botas son la fusi\u00f3n perfecta de elegancia y potencia. La profunda base en negro \u00f3nix, que evoca fuerza y sofisticaci\u00f3n, se ve interrumpida por un destello (&#8220;flare&#8221;) dorado [&hellip;]","og_url":"https:\/\/maxfernandez.santcugatesn.com\/index.php\/producto\/adidas-onyx-flare\/","og_site_name":"sportstor","article_modified_time":"2025-11-04T19:27:35+00:00","og_image":[{"width":857,"height":942,"url":"https:\/\/maxfernandez.santcugatesn.com\/wp-content\/uploads\/2025\/10\/unnamed-5-e1761729896495.jpg","type":"image\/jpeg"}],"twitter_card":"summary_large_image","twitter_misc":{"Tiempo de lectura":"1 minuto"},"schema":{"@context":"https:\/\/schema.org","@graph":[{"@type":"WebPage","@id":"https:\/\/maxfernandez.santcugatesn.com\/index.php\/producto\/adidas-onyx-flare\/","url":"https:\/\/maxfernandez.santcugatesn.com\/index.php\/producto\/adidas-onyx-flare\/","name":"Adidas Onyx Flare - sportstor","isPartOf":{"@id":"https:\/\/maxfernandez.santcugatesn.com\/#website"},"primaryImageOfPage":{"@id":"https:\/\/maxfernandez.santcugatesn.com\/index.php\/producto\/adidas-onyx-flare\/#primaryimage"},"image":{"@id":"https:\/\/maxfernandez.santcugatesn.com\/index.php\/producto\/adidas-onyx-flare\/#primaryimage"},"thumbnailUrl":"https:\/\/maxfernandez.santcugatesn.com\/wp-content\/uploads\/2025\/10\/unnamed-5-e1761729896495.jpg","datePublished":"2025-10-29T09:34:46+00:00","dateModified":"2025-11-04T19:27:35+00:00","breadcrumb":{"@id":"https:\/\/maxfernandez.santcugatesn.com\/index.php\/producto\/adidas-onyx-flare\/#breadcrumb"},"inLanguage":"es","potentialAction":[{"@type":"ReadAction","target":["https:\/\/maxfernandez.santcugatesn.com\/index.php\/producto\/adidas-onyx-flare\/"]}]},{"@type":"ImageObject","inLanguage":"es","@id":"https:\/\/maxfernandez.santcugatesn.com\/index.php\/producto\/adidas-onyx-flare\/#primaryimage","url":"https:\/\/maxfernandez.santcugatesn.com\/wp-content\/uploads\/2025\/10\/unnamed-5-e1761729896495.jpg","contentUrl":"https:\/\/maxfernandez.santcugatesn.com\/wp-content\/uploads\/2025\/10\/unnamed-5-e1761729896495.jpg","width":857,"height":942},{"@type":"BreadcrumbList","@id":"https:\/\/maxfernandez.santcugatesn.com\/index.php\/producto\/adidas-onyx-flare\/#breadcrumb","itemListElement":[{"@type":"ListItem","position":1,"name":"Portada","item":"https:\/\/maxfernandez.santcugatesn.com\/"},{"@type":"ListItem","position":2,"name":"Tienda","item":"https:\/\/maxfernandez.santcugatesn.com\/index.php\/tienda\/"},{"@type":"ListItem","position":3,"name":"Adidas Onyx Flare"}]},{"@type":"WebSite","@id":"https:\/\/maxfernandez.santcugatesn.com\/#website","url":"https:\/\/maxfernandez.santcugatesn.com\/","name":"sportstor","description":"","potentialAction":[{"@type":"SearchAction","target":{"@type":"EntryPoint","urlTemplate":"https:\/\/maxfernandez.santcugatesn.com\/?s={search_term_string}"},"query-input":{"@type":"PropertyValueSpecification","valueRequired":true,"valueName":"search_term_string"}}],"inLanguage":"es"}]}},"wc_booster_product_categories":[{"id":15,"name":"Sin categorizar"},{"id":23,"name":"gama alta"}],"wc_booster_product_price":"<span class=\"woocommerce-Price-amount amount\"><bdi><span class=\"woocommerce-Price-currencySymbol\">&#36;<\/span>200.00<\/bdi><\/span>","wc_booster_product_rating":"","wc_booster_product_banner_img":false,"wc_booster_product_reviews":[],"wc_booster_product_stock_data":{"manage_stock":false,"total_stock":null,"sold_stock":0},"_links":{"self":[{"href":"https:\/\/maxfernandez.santcugatesn.com\/index.php\/wp-json\/wp\/v2\/product\/42","targetHints":{"allow":["GET"]}}],"collection":[{"href":"https:\/\/maxfernandez.santcugatesn.com\/index.php\/wp-json\/wp\/v2\/product"}],"about":[{"href":"https:\/\/maxfernandez.santcugatesn.com\/index.php\/wp-json\/wp\/v2\/types\/product"}],"replies":[{"embeddable":true,"href":"https:\/\/maxfernandez.santcugatesn.com\/index.php\/wp-json\/wp\/v2\/comments?post=42"}],"wp:featuredmedia":[{"embeddable":true,"href":"https:\/\/maxfernandez.santcugatesn.com\/index.php\/wp-json\/wp\/v2\/media\/18"}],"wp:attachment":[{"href":"https:\/\/maxfernandez.santcugatesn.com\/index.php\/wp-json\/wp\/v2\/media?parent=42"}],"wp:term":[{"taxonomy":"product_brand","embeddable":true,"href":"https:\/\/maxfernandez.santcugatesn.com\/index.php\/wp-json\/wp\/v2\/product_brand?post=42"},{"taxonomy":"product_cat","embeddable":true,"href":"https:\/\/maxfernandez.santcugatesn.com\/index.php\/wp-json\/wp\/v2\/product_cat?post=42"},{"taxonomy":"product_tag","embeddable":true,"href":"https:\/\/maxfernandez.santcugatesn.com\/index.php\/wp-json\/wp\/v2\/product_tag?post=42"}],"curies":[{"name":"wp","href":"https:\/\/api.w.org\/{rel}","templated":true}]}}