{"id":118,"date":"2025-11-04T17:30:45","date_gmt":"2025-11-04T17:30:45","guid":{"rendered":"https:\/\/maxfernandez.santcugatesn.com\/?post_type=product&#038;p=118"},"modified":"2025-11-11T14:35:15","modified_gmt":"2025-11-11T14:35:15","slug":"new-balance-fenix","status":"publish","type":"product","link":"https:\/\/maxfernandez.santcugatesn.com\/index.php\/producto\/new-balance-fenix\/","title":{"rendered":"New Balance F\u00e9nix"},"content":{"rendered":"<p>Las New Balance F\u00e9nix representan el renacimiento de la elegancia y la potencia en el campo. Su dise\u00f1o en blanco puro, acentuado con detalles naranja brillante, simboliza la luz y la energ\u00eda que aportas al juego. Construidas para la excelencia, cuentan con una microfibra de alto rendimiento que proporciona un toque de bal\u00f3n preciso y una sensaci\u00f3n de ajuste personalizado. La configuraci\u00f3n de la suela est\u00e1 optimizada para movimientos r\u00e1pidos y giros cerrados, ofreci\u00e9ndote la estabilidad necesaria para superar a tus rivales y resurgir en cada ataque.<\/p>\n","protected":false},"excerpt":{"rendered":"<p>Las New Balance F\u00e9nix representan el renacimiento de la elegancia y la potencia en el campo. Su dise\u00f1o en blanco puro, acentuado con detalles naranja brillante, simboliza la luz y la energ\u00eda que aportas al juego. Construidas para la excelencia, cuentan con una microfibra de alto rendimiento que proporciona un toque de bal\u00f3n preciso y [&hellip;]<\/p>\n","protected":false},"featured_media":119,"comment_status":"open","ping_status":"closed","template":"","meta":[],"product_brand":[22],"product_cat":[15,24],"product_tag":[],"class_list":{"0":"post-118","1":"product","2":"type-product","3":"status-publish","4":"has-post-thumbnail","6":"product_brand-nb","7":"product_cat-sin-categorizar","8":"product_cat-gm","9":"pa_talla-26","10":"pa_talla-27","11":"pa_talla-28","12":"pa_talla-29","13":"pa_talla-30","14":"pa_talla-31","16":"first","17":"instock","18":"shipping-taxable","19":"purchasable","20":"product-type-variable"},"yoast_head":"<!-- This site is optimized with the Yoast SEO plugin v26.2 - https:\/\/yoast.com\/wordpress\/plugins\/seo\/ -->\n<title>New Balance F\u00e9nix - sportstor<\/title>\n<meta name=\"robots\" content=\"index, follow, max-snippet:-1, max-image-preview:large, max-video-preview:-1\" \/>\n<link rel=\"canonical\" href=\"https:\/\/maxfernandez.santcugatesn.com\/index.php\/producto\/new-balance-fenix\/\" \/>\n<meta property=\"og:locale\" content=\"es_ES\" \/>\n<meta property=\"og:type\" content=\"article\" \/>\n<meta property=\"og:title\" content=\"New Balance F\u00e9nix - sportstor\" \/>\n<meta property=\"og:description\" content=\"Las New Balance F\u00e9nix representan el renacimiento de la elegancia y la potencia en el campo. Su dise\u00f1o en blanco puro, acentuado con detalles naranja brillante, simboliza la luz y la energ\u00eda que aportas al juego. Construidas para la excelencia, cuentan con una microfibra de alto rendimiento que proporciona un toque de bal\u00f3n preciso y [&hellip;]\" \/>\n<meta property=\"og:url\" content=\"https:\/\/maxfernandez.santcugatesn.com\/index.php\/producto\/new-balance-fenix\/\" \/>\n<meta property=\"og:site_name\" content=\"sportstor\" \/>\n<meta property=\"article:modified_time\" content=\"2025-11-11T14:35:15+00:00\" \/>\n<meta property=\"og:image\" content=\"https:\/\/maxfernandez.santcugatesn.com\/wp-content\/uploads\/2025\/11\/Captura-de-pantalla-2025-11-04-180724.png\" \/>\n\t<meta property=\"og:image:width\" content=\"641\" \/>\n\t<meta property=\"og:image:height\" content=\"570\" \/>\n\t<meta property=\"og:image:type\" content=\"image\/png\" \/>\n<meta name=\"twitter:card\" content=\"summary_large_image\" \/>\n<meta name=\"twitter:label1\" content=\"Tiempo de lectura\" \/>\n\t<meta name=\"twitter:data1\" content=\"1 minuto\" \/>\n<script type=\"application\/ld+json\" class=\"yoast-schema-graph\">{\"@context\":\"https:\/\/schema.org\",\"@graph\":[{\"@type\":\"WebPage\",\"@id\":\"https:\/\/maxfernandez.santcugatesn.com\/index.php\/producto\/new-balance-fenix\/\",\"url\":\"https:\/\/maxfernandez.santcugatesn.com\/index.php\/producto\/new-balance-fenix\/\",\"name\":\"New Balance F\u00e9nix - sportstor\",\"isPartOf\":{\"@id\":\"https:\/\/maxfernandez.santcugatesn.com\/#website\"},\"primaryImageOfPage\":{\"@id\":\"https:\/\/maxfernandez.santcugatesn.com\/index.php\/producto\/new-balance-fenix\/#primaryimage\"},\"image\":{\"@id\":\"https:\/\/maxfernandez.santcugatesn.com\/index.php\/producto\/new-balance-fenix\/#primaryimage\"},\"thumbnailUrl\":\"https:\/\/maxfernandez.santcugatesn.com\/wp-content\/uploads\/2025\/11\/Captura-de-pantalla-2025-11-04-180724.png\",\"datePublished\":\"2025-11-04T17:30:45+00:00\",\"dateModified\":\"2025-11-11T14:35:15+00:00\",\"breadcrumb\":{\"@id\":\"https:\/\/maxfernandez.santcugatesn.com\/index.php\/producto\/new-balance-fenix\/#breadcrumb\"},\"inLanguage\":\"es\",\"potentialAction\":[{\"@type\":\"ReadAction\",\"target\":[\"https:\/\/maxfernandez.santcugatesn.com\/index.php\/producto\/new-balance-fenix\/\"]}]},{\"@type\":\"ImageObject\",\"inLanguage\":\"es\",\"@id\":\"https:\/\/maxfernandez.santcugatesn.com\/index.php\/producto\/new-balance-fenix\/#primaryimage\",\"url\":\"https:\/\/maxfernandez.santcugatesn.com\/wp-content\/uploads\/2025\/11\/Captura-de-pantalla-2025-11-04-180724.png\",\"contentUrl\":\"https:\/\/maxfernandez.santcugatesn.com\/wp-content\/uploads\/2025\/11\/Captura-de-pantalla-2025-11-04-180724.png\",\"width\":641,\"height\":570},{\"@type\":\"BreadcrumbList\",\"@id\":\"https:\/\/maxfernandez.santcugatesn.com\/index.php\/producto\/new-balance-fenix\/#breadcrumb\",\"itemListElement\":[{\"@type\":\"ListItem\",\"position\":1,\"name\":\"Portada\",\"item\":\"https:\/\/maxfernandez.santcugatesn.com\/\"},{\"@type\":\"ListItem\",\"position\":2,\"name\":\"Tienda\",\"item\":\"https:\/\/maxfernandez.santcugatesn.com\/index.php\/tienda\/\"},{\"@type\":\"ListItem\",\"position\":3,\"name\":\"New Balance F\u00e9nix\"}]},{\"@type\":\"WebSite\",\"@id\":\"https:\/\/maxfernandez.santcugatesn.com\/#website\",\"url\":\"https:\/\/maxfernandez.santcugatesn.com\/\",\"name\":\"sportstor\",\"description\":\"\",\"potentialAction\":[{\"@type\":\"SearchAction\",\"target\":{\"@type\":\"EntryPoint\",\"urlTemplate\":\"https:\/\/maxfernandez.santcugatesn.com\/?s={search_term_string}\"},\"query-input\":{\"@type\":\"PropertyValueSpecification\",\"valueRequired\":true,\"valueName\":\"search_term_string\"}}],\"inLanguage\":\"es\"}]}<\/script>\n<!-- \/ Yoast SEO plugin. -->","yoast_head_json":{"title":"New Balance F\u00e9nix - sportstor","robots":{"index":"index","follow":"follow","max-snippet":"max-snippet:-1","max-image-preview":"max-image-preview:large","max-video-preview":"max-video-preview:-1"},"canonical":"https:\/\/maxfernandez.santcugatesn.com\/index.php\/producto\/new-balance-fenix\/","og_locale":"es_ES","og_type":"article","og_title":"New Balance F\u00e9nix - sportstor","og_description":"Las New Balance F\u00e9nix representan el renacimiento de la elegancia y la potencia en el campo. Su dise\u00f1o en blanco puro, acentuado con detalles naranja brillante, simboliza la luz y la energ\u00eda que aportas al juego. Construidas para la excelencia, cuentan con una microfibra de alto rendimiento que proporciona un toque de bal\u00f3n preciso y [&hellip;]","og_url":"https:\/\/maxfernandez.santcugatesn.com\/index.php\/producto\/new-balance-fenix\/","og_site_name":"sportstor","article_modified_time":"2025-11-11T14:35:15+00:00","og_image":[{"width":641,"height":570,"url":"https:\/\/maxfernandez.santcugatesn.com\/wp-content\/uploads\/2025\/11\/Captura-de-pantalla-2025-11-04-180724.png","type":"image\/png"}],"twitter_card":"summary_large_image","twitter_misc":{"Tiempo de lectura":"1 minuto"},"schema":{"@context":"https:\/\/schema.org","@graph":[{"@type":"WebPage","@id":"https:\/\/maxfernandez.santcugatesn.com\/index.php\/producto\/new-balance-fenix\/","url":"https:\/\/maxfernandez.santcugatesn.com\/index.php\/producto\/new-balance-fenix\/","name":"New Balance F\u00e9nix - sportstor","isPartOf":{"@id":"https:\/\/maxfernandez.santcugatesn.com\/#website"},"primaryImageOfPage":{"@id":"https:\/\/maxfernandez.santcugatesn.com\/index.php\/producto\/new-balance-fenix\/#primaryimage"},"image":{"@id":"https:\/\/maxfernandez.santcugatesn.com\/index.php\/producto\/new-balance-fenix\/#primaryimage"},"thumbnailUrl":"https:\/\/maxfernandez.santcugatesn.com\/wp-content\/uploads\/2025\/11\/Captura-de-pantalla-2025-11-04-180724.png","datePublished":"2025-11-04T17:30:45+00:00","dateModified":"2025-11-11T14:35:15+00:00","breadcrumb":{"@id":"https:\/\/maxfernandez.santcugatesn.com\/index.php\/producto\/new-balance-fenix\/#breadcrumb"},"inLanguage":"es","potentialAction":[{"@type":"ReadAction","target":["https:\/\/maxfernandez.santcugatesn.com\/index.php\/producto\/new-balance-fenix\/"]}]},{"@type":"ImageObject","inLanguage":"es","@id":"https:\/\/maxfernandez.santcugatesn.com\/index.php\/producto\/new-balance-fenix\/#primaryimage","url":"https:\/\/maxfernandez.santcugatesn.com\/wp-content\/uploads\/2025\/11\/Captura-de-pantalla-2025-11-04-180724.png","contentUrl":"https:\/\/maxfernandez.santcugatesn.com\/wp-content\/uploads\/2025\/11\/Captura-de-pantalla-2025-11-04-180724.png","width":641,"height":570},{"@type":"BreadcrumbList","@id":"https:\/\/maxfernandez.santcugatesn.com\/index.php\/producto\/new-balance-fenix\/#breadcrumb","itemListElement":[{"@type":"ListItem","position":1,"name":"Portada","item":"https:\/\/maxfernandez.santcugatesn.com\/"},{"@type":"ListItem","position":2,"name":"Tienda","item":"https:\/\/maxfernandez.santcugatesn.com\/index.php\/tienda\/"},{"@type":"ListItem","position":3,"name":"New Balance F\u00e9nix"}]},{"@type":"WebSite","@id":"https:\/\/maxfernandez.santcugatesn.com\/#website","url":"https:\/\/maxfernandez.santcugatesn.com\/","name":"sportstor","description":"","potentialAction":[{"@type":"SearchAction","target":{"@type":"EntryPoint","urlTemplate":"https:\/\/maxfernandez.santcugatesn.com\/?s={search_term_string}"},"query-input":{"@type":"PropertyValueSpecification","valueRequired":true,"valueName":"search_term_string"}}],"inLanguage":"es"}]}},"wc_booster_product_categories":[{"id":15,"name":"Sin categorizar"},{"id":24,"name":"gama baja"}],"wc_booster_product_price":"<span class=\"woocommerce-Price-amount amount\"><bdi><span class=\"woocommerce-Price-currencySymbol\">&#36;<\/span>100.00<\/bdi><\/span>","wc_booster_product_rating":"","wc_booster_product_banner_img":false,"wc_booster_product_reviews":[],"wc_booster_product_stock_data":{"manage_stock":false,"total_stock":null,"sold_stock":0},"_links":{"self":[{"href":"https:\/\/maxfernandez.santcugatesn.com\/index.php\/wp-json\/wp\/v2\/product\/118","targetHints":{"allow":["GET"]}}],"collection":[{"href":"https:\/\/maxfernandez.santcugatesn.com\/index.php\/wp-json\/wp\/v2\/product"}],"about":[{"href":"https:\/\/maxfernandez.santcugatesn.com\/index.php\/wp-json\/wp\/v2\/types\/product"}],"replies":[{"embeddable":true,"href":"https:\/\/maxfernandez.santcugatesn.com\/index.php\/wp-json\/wp\/v2\/comments?post=118"}],"wp:featuredmedia":[{"embeddable":true,"href":"https:\/\/maxfernandez.santcugatesn.com\/index.php\/wp-json\/wp\/v2\/media\/119"}],"wp:attachment":[{"href":"https:\/\/maxfernandez.santcugatesn.com\/index.php\/wp-json\/wp\/v2\/media?parent=118"}],"wp:term":[{"taxonomy":"product_brand","embeddable":true,"href":"https:\/\/maxfernandez.santcugatesn.com\/index.php\/wp-json\/wp\/v2\/product_brand?post=118"},{"taxonomy":"product_cat","embeddable":true,"href":"https:\/\/maxfernandez.santcugatesn.com\/index.php\/wp-json\/wp\/v2\/product_cat?post=118"},{"taxonomy":"product_tag","embeddable":true,"href":"https:\/\/maxfernandez.santcugatesn.com\/index.php\/wp-json\/wp\/v2\/product_tag?post=118"}],"curies":[{"name":"wp","href":"https:\/\/api.w.org\/{rel}","templated":true}]}}