{"id":113,"date":"2025-11-04T17:01:35","date_gmt":"2025-11-04T17:01:35","guid":{"rendered":"https:\/\/maxfernandez.santcugatesn.com\/?post_type=product&#038;p=113"},"modified":"2025-11-04T18:21:55","modified_gmt":"2025-11-04T18:21:55","slug":"new-balance-impact-eclipse","status":"publish","type":"product","link":"https:\/\/maxfernandez.santcugatesn.com\/index.php\/producto\/new-balance-impact-eclipse\/","title":{"rendered":"New Balance Impact Eclipse"},"content":{"rendered":"<p>Con las <b>New Balance Impact <\/b>, obt\u00e9n una bota fiable que est\u00e1 lista para la acci\u00f3n. Su parte superior sint\u00e9tica resistente proporciona un buen toque de bal\u00f3n y est\u00e1 construida para soportar el desgaste de la temporada. La comodidad es clave, y estas botas ofrecen un ajuste seguro que te permite concentrarte plenamente en el juego.<\/p>\n<p>El dise\u00f1o en negro profundo se realza con detalles vibrantes en verde ne\u00f3n, a\u00f1adiendo un toque de estilo moderno a un paquete enfocado en la funcionalidad. La suela exterior, dise\u00f1ada para ser vers\u00e1til (FG\/AG), cuenta con una configuraci\u00f3n de tacos que te ofrece una tracci\u00f3n s\u00f3lida y la estabilidad necesaria para acelerar y realizar giros r\u00e1pidos en una variedad de superficies de juego, desde c\u00e9sped natural firme hasta c\u00e9sped artificial.<\/p>\n<p><b>Caracter\u00edsticas Clave:<\/b><\/p>\n<ul>\n<li><b>Durabilidad Cotidiana:<\/b> Exterior sint\u00e9tico robusto que aguanta el ritmo de entrenamientos y partidos regulares.<\/li>\n<li><b>Ajuste Fiable:<\/b> Confecci\u00f3n c\u00f3moda que asegura el pie, proporcionando estabilidad en cada movimiento.<\/li>\n<li><b>Toque Consistente:<\/b> Superficie del empeine que facilita un buen control del bal\u00f3n.<\/li>\n<li><b>Tracci\u00f3n Vers\u00e1til (FG\/AG):<\/b> Suela adaptada para ofrecer rendimiento fiable en m\u00faltiples tipos de campo.<\/li>\n<li><b>Estilo Atractivo:<\/b> Combinaci\u00f3n de negro cl\u00e1sico y verde el\u00e9ctrico que te hace destacar visualmente.<\/li>\n<li><b>Ideal para el Jugador Vers\u00e1til:<\/b> Una elecci\u00f3n excelente para aquellos que buscan un equilibrio entre rendimiento, comodidad y durabilidad a un precio competitivo.<\/li>\n<\/ul>\n","protected":false},"excerpt":{"rendered":"<p>Con las New Balance Impact , obt\u00e9n una bota fiable que est\u00e1 lista para la acci\u00f3n. Su parte superior sint\u00e9tica resistente proporciona un buen toque de bal\u00f3n y est\u00e1 construida para soportar el desgaste de la temporada. La comodidad es clave, y estas botas ofrecen un ajuste seguro que te permite concentrarte plenamente en el [&hellip;]<\/p>\n","protected":false},"featured_media":112,"comment_status":"open","ping_status":"closed","template":"","meta":[],"product_brand":[22],"product_cat":[15,25],"product_tag":[],"class_list":{"0":"post-113","1":"product","2":"type-product","3":"status-publish","4":"has-post-thumbnail","6":"product_brand-nb","7":"product_cat-sin-categorizar","8":"product_cat-md","9":"pa_talla-26","10":"pa_talla-27","11":"pa_talla-28","12":"pa_talla-29","13":"pa_talla-30","14":"pa_talla-31","16":"first","17":"instock","18":"shipping-taxable","19":"purchasable","20":"product-type-variable"},"yoast_head":"<!-- This site is optimized with the Yoast SEO plugin v26.2 - https:\/\/yoast.com\/wordpress\/plugins\/seo\/ -->\n<title>New Balance Impact Eclipse - sportstor<\/title>\n<meta name=\"robots\" content=\"index, follow, max-snippet:-1, max-image-preview:large, max-video-preview:-1\" \/>\n<link rel=\"canonical\" href=\"https:\/\/maxfernandez.santcugatesn.com\/index.php\/producto\/new-balance-impact-eclipse\/\" \/>\n<meta property=\"og:locale\" content=\"es_ES\" \/>\n<meta property=\"og:type\" content=\"article\" \/>\n<meta property=\"og:title\" content=\"New Balance Impact Eclipse - sportstor\" \/>\n<meta property=\"og:description\" content=\"Con las New Balance Impact , obt\u00e9n una bota fiable que est\u00e1 lista para la acci\u00f3n. Su parte superior sint\u00e9tica resistente proporciona un buen toque de bal\u00f3n y est\u00e1 construida para soportar el desgaste de la temporada. La comodidad es clave, y estas botas ofrecen un ajuste seguro que te permite concentrarte plenamente en el [&hellip;]\" \/>\n<meta property=\"og:url\" content=\"https:\/\/maxfernandez.santcugatesn.com\/index.php\/producto\/new-balance-impact-eclipse\/\" \/>\n<meta property=\"og:site_name\" content=\"sportstor\" \/>\n<meta property=\"article:modified_time\" content=\"2025-11-04T18:21:55+00:00\" \/>\n<meta property=\"og:image\" content=\"https:\/\/maxfernandez.santcugatesn.com\/wp-content\/uploads\/2025\/11\/Captura-de-pantalla-2025-11-04-173212.png\" \/>\n\t<meta property=\"og:image:width\" content=\"636\" \/>\n\t<meta property=\"og:image:height\" content=\"546\" \/>\n\t<meta property=\"og:image:type\" content=\"image\/png\" \/>\n<meta name=\"twitter:card\" content=\"summary_large_image\" \/>\n<meta name=\"twitter:label1\" content=\"Tiempo de lectura\" \/>\n\t<meta name=\"twitter:data1\" content=\"2 minutos\" \/>\n<script type=\"application\/ld+json\" class=\"yoast-schema-graph\">{\"@context\":\"https:\/\/schema.org\",\"@graph\":[{\"@type\":\"WebPage\",\"@id\":\"https:\/\/maxfernandez.santcugatesn.com\/index.php\/producto\/new-balance-impact-eclipse\/\",\"url\":\"https:\/\/maxfernandez.santcugatesn.com\/index.php\/producto\/new-balance-impact-eclipse\/\",\"name\":\"New Balance Impact Eclipse - sportstor\",\"isPartOf\":{\"@id\":\"https:\/\/maxfernandez.santcugatesn.com\/#website\"},\"primaryImageOfPage\":{\"@id\":\"https:\/\/maxfernandez.santcugatesn.com\/index.php\/producto\/new-balance-impact-eclipse\/#primaryimage\"},\"image\":{\"@id\":\"https:\/\/maxfernandez.santcugatesn.com\/index.php\/producto\/new-balance-impact-eclipse\/#primaryimage\"},\"thumbnailUrl\":\"https:\/\/maxfernandez.santcugatesn.com\/wp-content\/uploads\/2025\/11\/Captura-de-pantalla-2025-11-04-173212.png\",\"datePublished\":\"2025-11-04T17:01:35+00:00\",\"dateModified\":\"2025-11-04T18:21:55+00:00\",\"breadcrumb\":{\"@id\":\"https:\/\/maxfernandez.santcugatesn.com\/index.php\/producto\/new-balance-impact-eclipse\/#breadcrumb\"},\"inLanguage\":\"es\",\"potentialAction\":[{\"@type\":\"ReadAction\",\"target\":[\"https:\/\/maxfernandez.santcugatesn.com\/index.php\/producto\/new-balance-impact-eclipse\/\"]}]},{\"@type\":\"ImageObject\",\"inLanguage\":\"es\",\"@id\":\"https:\/\/maxfernandez.santcugatesn.com\/index.php\/producto\/new-balance-impact-eclipse\/#primaryimage\",\"url\":\"https:\/\/maxfernandez.santcugatesn.com\/wp-content\/uploads\/2025\/11\/Captura-de-pantalla-2025-11-04-173212.png\",\"contentUrl\":\"https:\/\/maxfernandez.santcugatesn.com\/wp-content\/uploads\/2025\/11\/Captura-de-pantalla-2025-11-04-173212.png\",\"width\":636,\"height\":546},{\"@type\":\"BreadcrumbList\",\"@id\":\"https:\/\/maxfernandez.santcugatesn.com\/index.php\/producto\/new-balance-impact-eclipse\/#breadcrumb\",\"itemListElement\":[{\"@type\":\"ListItem\",\"position\":1,\"name\":\"Portada\",\"item\":\"https:\/\/maxfernandez.santcugatesn.com\/\"},{\"@type\":\"ListItem\",\"position\":2,\"name\":\"Tienda\",\"item\":\"https:\/\/maxfernandez.santcugatesn.com\/index.php\/tienda\/\"},{\"@type\":\"ListItem\",\"position\":3,\"name\":\"New Balance Impact Eclipse\"}]},{\"@type\":\"WebSite\",\"@id\":\"https:\/\/maxfernandez.santcugatesn.com\/#website\",\"url\":\"https:\/\/maxfernandez.santcugatesn.com\/\",\"name\":\"sportstor\",\"description\":\"\",\"potentialAction\":[{\"@type\":\"SearchAction\",\"target\":{\"@type\":\"EntryPoint\",\"urlTemplate\":\"https:\/\/maxfernandez.santcugatesn.com\/?s={search_term_string}\"},\"query-input\":{\"@type\":\"PropertyValueSpecification\",\"valueRequired\":true,\"valueName\":\"search_term_string\"}}],\"inLanguage\":\"es\"}]}<\/script>\n<!-- \/ Yoast SEO plugin. -->","yoast_head_json":{"title":"New Balance Impact Eclipse - sportstor","robots":{"index":"index","follow":"follow","max-snippet":"max-snippet:-1","max-image-preview":"max-image-preview:large","max-video-preview":"max-video-preview:-1"},"canonical":"https:\/\/maxfernandez.santcugatesn.com\/index.php\/producto\/new-balance-impact-eclipse\/","og_locale":"es_ES","og_type":"article","og_title":"New Balance Impact Eclipse - sportstor","og_description":"Con las New Balance Impact , obt\u00e9n una bota fiable que est\u00e1 lista para la acci\u00f3n. Su parte superior sint\u00e9tica resistente proporciona un buen toque de bal\u00f3n y est\u00e1 construida para soportar el desgaste de la temporada. La comodidad es clave, y estas botas ofrecen un ajuste seguro que te permite concentrarte plenamente en el [&hellip;]","og_url":"https:\/\/maxfernandez.santcugatesn.com\/index.php\/producto\/new-balance-impact-eclipse\/","og_site_name":"sportstor","article_modified_time":"2025-11-04T18:21:55+00:00","og_image":[{"width":636,"height":546,"url":"https:\/\/maxfernandez.santcugatesn.com\/wp-content\/uploads\/2025\/11\/Captura-de-pantalla-2025-11-04-173212.png","type":"image\/png"}],"twitter_card":"summary_large_image","twitter_misc":{"Tiempo de lectura":"2 minutos"},"schema":{"@context":"https:\/\/schema.org","@graph":[{"@type":"WebPage","@id":"https:\/\/maxfernandez.santcugatesn.com\/index.php\/producto\/new-balance-impact-eclipse\/","url":"https:\/\/maxfernandez.santcugatesn.com\/index.php\/producto\/new-balance-impact-eclipse\/","name":"New Balance Impact Eclipse - sportstor","isPartOf":{"@id":"https:\/\/maxfernandez.santcugatesn.com\/#website"},"primaryImageOfPage":{"@id":"https:\/\/maxfernandez.santcugatesn.com\/index.php\/producto\/new-balance-impact-eclipse\/#primaryimage"},"image":{"@id":"https:\/\/maxfernandez.santcugatesn.com\/index.php\/producto\/new-balance-impact-eclipse\/#primaryimage"},"thumbnailUrl":"https:\/\/maxfernandez.santcugatesn.com\/wp-content\/uploads\/2025\/11\/Captura-de-pantalla-2025-11-04-173212.png","datePublished":"2025-11-04T17:01:35+00:00","dateModified":"2025-11-04T18:21:55+00:00","breadcrumb":{"@id":"https:\/\/maxfernandez.santcugatesn.com\/index.php\/producto\/new-balance-impact-eclipse\/#breadcrumb"},"inLanguage":"es","potentialAction":[{"@type":"ReadAction","target":["https:\/\/maxfernandez.santcugatesn.com\/index.php\/producto\/new-balance-impact-eclipse\/"]}]},{"@type":"ImageObject","inLanguage":"es","@id":"https:\/\/maxfernandez.santcugatesn.com\/index.php\/producto\/new-balance-impact-eclipse\/#primaryimage","url":"https:\/\/maxfernandez.santcugatesn.com\/wp-content\/uploads\/2025\/11\/Captura-de-pantalla-2025-11-04-173212.png","contentUrl":"https:\/\/maxfernandez.santcugatesn.com\/wp-content\/uploads\/2025\/11\/Captura-de-pantalla-2025-11-04-173212.png","width":636,"height":546},{"@type":"BreadcrumbList","@id":"https:\/\/maxfernandez.santcugatesn.com\/index.php\/producto\/new-balance-impact-eclipse\/#breadcrumb","itemListElement":[{"@type":"ListItem","position":1,"name":"Portada","item":"https:\/\/maxfernandez.santcugatesn.com\/"},{"@type":"ListItem","position":2,"name":"Tienda","item":"https:\/\/maxfernandez.santcugatesn.com\/index.php\/tienda\/"},{"@type":"ListItem","position":3,"name":"New Balance Impact Eclipse"}]},{"@type":"WebSite","@id":"https:\/\/maxfernandez.santcugatesn.com\/#website","url":"https:\/\/maxfernandez.santcugatesn.com\/","name":"sportstor","description":"","potentialAction":[{"@type":"SearchAction","target":{"@type":"EntryPoint","urlTemplate":"https:\/\/maxfernandez.santcugatesn.com\/?s={search_term_string}"},"query-input":{"@type":"PropertyValueSpecification","valueRequired":true,"valueName":"search_term_string"}}],"inLanguage":"es"}]}},"wc_booster_product_categories":[{"id":15,"name":"Sin categorizar"},{"id":25,"name":"gama media"}],"wc_booster_product_price":"<span class=\"woocommerce-Price-amount amount\"><bdi><span class=\"woocommerce-Price-currencySymbol\">&#36;<\/span>150.00<\/bdi><\/span>","wc_booster_product_rating":"","wc_booster_product_banner_img":false,"wc_booster_product_reviews":[],"wc_booster_product_stock_data":{"manage_stock":false,"total_stock":null,"sold_stock":0},"_links":{"self":[{"href":"https:\/\/maxfernandez.santcugatesn.com\/index.php\/wp-json\/wp\/v2\/product\/113","targetHints":{"allow":["GET"]}}],"collection":[{"href":"https:\/\/maxfernandez.santcugatesn.com\/index.php\/wp-json\/wp\/v2\/product"}],"about":[{"href":"https:\/\/maxfernandez.santcugatesn.com\/index.php\/wp-json\/wp\/v2\/types\/product"}],"replies":[{"embeddable":true,"href":"https:\/\/maxfernandez.santcugatesn.com\/index.php\/wp-json\/wp\/v2\/comments?post=113"}],"wp:featuredmedia":[{"embeddable":true,"href":"https:\/\/maxfernandez.santcugatesn.com\/index.php\/wp-json\/wp\/v2\/media\/112"}],"wp:attachment":[{"href":"https:\/\/maxfernandez.santcugatesn.com\/index.php\/wp-json\/wp\/v2\/media?parent=113"}],"wp:term":[{"taxonomy":"product_brand","embeddable":true,"href":"https:\/\/maxfernandez.santcugatesn.com\/index.php\/wp-json\/wp\/v2\/product_brand?post=113"},{"taxonomy":"product_cat","embeddable":true,"href":"https:\/\/maxfernandez.santcugatesn.com\/index.php\/wp-json\/wp\/v2\/product_cat?post=113"},{"taxonomy":"product_tag","embeddable":true,"href":"https:\/\/maxfernandez.santcugatesn.com\/index.php\/wp-json\/wp\/v2\/product_tag?post=113"}],"curies":[{"name":"wp","href":"https:\/\/api.w.org\/{rel}","templated":true}]}}